{"id":45,"date":"2016-11-09T17:11:59","date_gmt":"2016-11-09T16:11:59","guid":{"rendered":"http:\/\/pti.cs.pollub.pl\/wordpress\/?page_id=45"},"modified":"2019-06-02T23:05:08","modified_gmt":"2019-06-02T21:05:08","slug":"jak-wstapic-do-pti","status":"publish","type":"page","link":"http:\/\/pti.cs.pollub.pl\/index.php\/jak-wstapic-do-pti\/","title":{"rendered":"Jak wst\u0105pi\u0107 do PTI ?"},"content":{"rendered":"<p><strong>Polskie Towarzystwo Informatyczne (PTI)<\/strong> to og\u00f3lnopolskie stowarzyszenie za\u0142o\u017cone w 1981 r., skupiaj\u0105ce informatyk\u00f3w zrzeszonych w kilkunastu Oddzia\u0142ach i Ko\u0142ach na terenie Polski\u00a0<a href=\"https:\/\/portal.pti.org.pl\/o-nas\/\">https:\/\/portal.pti.org.pl\/o-nas\/<\/a><\/p>\n<p><a href=\"https:\/\/portal.pti.org.pl\/organizacja\/regulacje\/statut\/\">Statut Polskiego Towarzystwa Informatycznego <\/a>(rozdzia\u0142 III) okre\u015bla zasady przynale\u017cno\u015bci do Towarzystwa<a href=\"http:\/\/pti.org.pl\/Dla-czlonkow\/Statut-i-regulaminy\">\u00a0<\/a><\/p>\n<p>Aby wst\u0105pi\u0107 do Polskiego Towarzystwa Informatycznego nale\u017cy, zgodnie ze Statutem, spe\u0142ni\u0107 jeden z\u00a0poni\u017cszych warunk\u00f3w:<\/p>\n<ul>\n<li>by\u0107 absolwentem kierunku informatycznego wy\u017cszej uczelni,<\/li>\n<li>by\u0107 studentem co najmniej III roku kierunku informatycznego wy\u017cszej uczelni,<\/li>\n<li>mie\u0107 wykszta\u0142cenie \u015brednie lub wy\u017csze i pracowa\u0107 przez co najmniej 3 ostatnie lata w\u00a0zawodzie zwi\u0105zanym z informatyk\u0105<\/li>\n<\/ul>\n<p>Aby wst\u0105pi\u0107 do Oddzia\u0142u Lubelskiego PTI nale\u017cy wype\u0142ni\u0107 druk deklaracji cz\u0142onkowskiej umieszczony na stronie <a href=\"https:\/\/portal.pti.org.pl\/spolecznosc\/zapisz-sie-do-pti\">https:\/\/portal.pti.org.pl\/spolecznosc\/zapisz-sie-do-pti<\/a>\/ ,\u00a0\u00a0pozyska\u0107 dwie opinie cz\u0142onk\u00f3w wprowadzaj\u0105cych, kt\u00f3rzy nale\u017c\u0105 do PTI od co najmniej dw\u00f3ch lat i przes\u0142a\u0107 je do drog\u0105 elektroniczn\u0105\u00a0 na adresy cz\u0142onk\u00f3w Zarz\u0105du oraz poczt\u0105 tradycyjn\u0105 w wersji papierowej (podpisane osobi\u015bcie) na adres siedziby Zarz\u0105du Oddzia\u0142u Lubelskiego.<\/p>\n<p>W przypadku, gdy kandydat nie posiada opinii cz\u0142onk\u00f3w wprowadzaj\u0105cych prosimy o przes\u0142anie skr\u00f3conego CV, w kt\u00f3rym zawarto informacje zwi\u0105zku z informatyk\u0105 w obszarach: wykszta\u0142cenie, zatrudnienie, do\u015bwiadczenie zawodowe i zainteresowania. Na podstawie przes\u0142anego CV zostan\u0105 przygotowane opinie cz\u0142onk\u00f3w wprowadzaj\u0105cych.<\/p>\n<p>Po uzyskaniu informacji o przyj\u0119ciu w poczet cz\u0142onk\u00f3w PTI nale\u017cy niezw\u0142ocznie op\u0142aci\u0107 wpisowe i\u00a0sk\u0142adk\u0119 roczn\u0105.<\/p>\n<p><a href=\"https:\/\/portal.pti.org.pl\/spolecznosc\/zapisz-sie-do-pti\/\">Procedura wst\u0105pienia do PTI\u00a0<\/a><\/p>\n<p>&nbsp;<\/p>\n<p>&nbsp;<\/p>\n<p>&nbsp;<\/p>\n<p>&nbsp;<\/p>\n","protected":false},"excerpt":{"rendered":"<p>Polskie Towarzystwo Informatyczne (PTI) to og\u00f3lnopolskie stowarzyszenie za\u0142o\u017cone w 1981 r., skupiaj\u0105ce informatyk\u00f3w zrzeszonych w kilkunastu Oddzia\u0142ach i Ko\u0142ach na terenie Polski\u00a0https:\/\/portal.pti.org.pl\/o-nas\/ Statut Polskiego Towarzystwa Informatycznego (rozdzia\u0142 III) okre\u015bla zasady przynale\u017cno\u015bci do Towarzystwa\u00a0 Aby wst\u0105pi\u0107 do Polskiego Towarzystwa Informatycznego nale\u017cy, zgodnie ze Statutem, spe\u0142ni\u0107 jeden z\u00a0poni\u017cszych warunk\u00f3w: by\u0107 absolwentem kierunku informatycznego wy\u017cszej uczelni, by\u0107 studentem &hellip; <a href=\"http:\/\/pti.cs.pollub.pl\/index.php\/jak-wstapic-do-pti\/\" class=\"more-link\">Czytaj dalej <span class=\"screen-reader-text\">Jak wst\u0105pi\u0107 do PTI ?<\/span><\/a><\/p>\n","protected":false},"author":1,"featured_media":0,"parent":0,"menu_order":0,"comment_status":"closed","ping_status":"closed","template":"","meta":[],"_links":{"self":[{"href":"http:\/\/pti.cs.pollub.pl\/index.php\/wp-json\/wp\/v2\/pages\/45"}],"collection":[{"href":"http:\/\/pti.cs.pollub.pl\/index.php\/wp-json\/wp\/v2\/pages"}],"about":[{"href":"http:\/\/pti.cs.pollub.pl\/index.php\/wp-json\/wp\/v2\/types\/page"}],"author":[{"embeddable":true,"href":"http:\/\/pti.cs.pollub.pl\/index.php\/wp-json\/wp\/v2\/users\/1"}],"replies":[{"embeddable":true,"href":"http:\/\/pti.cs.pollub.pl\/index.php\/wp-json\/wp\/v2\/comments?post=45"}],"version-history":[{"count":10,"href":"http:\/\/pti.cs.pollub.pl\/index.php\/wp-json\/wp\/v2\/pages\/45\/revisions"}],"predecessor-version":[{"id":482,"href":"http:\/\/pti.cs.pollub.pl\/index.php\/wp-json\/wp\/v2\/pages\/45\/revisions\/482"}],"wp:attachment":[{"href":"http:\/\/pti.cs.pollub.pl\/index.php\/wp-json\/wp\/v2\/media?parent=45"}],"curies":[{"name":"wp","href":"https:\/\/api.w.org\/{rel}","templated":true}]}}