{"id":13,"date":"2016-11-09T16:28:08","date_gmt":"2016-11-09T15:28:08","guid":{"rendered":"http:\/\/pti.cs.pollub.pl\/wordpress\/?page_id=13"},"modified":"2020-06-06T21:12:17","modified_gmt":"2020-06-06T19:12:17","slug":"o-oddziale","status":"publish","type":"page","link":"https:\/\/pti.cs.pollub.pl\/index.php\/o-oddziale\/","title":{"rendered":"O Oddziale"},"content":{"rendered":"<p><strong>Informacje o Oddziale Lubelskim PTI:<\/strong><\/p>\n<p><strong>Zarz\u0105d:<\/strong><\/p>\n<ol>\n<li>Marek Mi\u0142osz &#8211; Prezes<\/li>\n<li>Mariusz Haleniuk \u2013 V-ce Prezes, Skarbnik<\/li>\n<li>El\u017cbieta Mi\u0142osz &#8211; cz\u0142onek<\/li>\n<li>Wojciech Kulik \u2013 cz\u0142onek<\/li>\n<\/ol>\n<p><strong>Komisja Rewizyjna<\/strong><\/p>\n<ol>\n<li>Mariusz Dzie\u0144kowski \u2013 przewodnicz\u0105cy<\/li>\n<li>Renata Skrzypa \u2013 zast\u0119pca przewodnicz\u0105cego<\/li>\n<li>Robert Nowomiejski \u2013 sekretarz<\/li>\n<\/ol>\n<p><strong>S\u0105d Kole\u017ce\u0144ski<\/strong><\/p>\n<ol>\n<li>Piotr Zi\u0144 \u2013 przewodnicz\u0105cy<\/li>\n<li>Ma\u0142gorzata Charytanowicz \u2013 zast\u0119pca przewodnicz\u0105cego<\/li>\n<li>Marta Juszczyk \u2013 cz\u0142onek<\/li>\n<\/ol>\n<p><strong>Siedziba<\/strong><\/p>\n<p>Politechnika Lubelska, Instytut Informatyki<br \/>\nul. Nadbystrzycka 36a, 20-618 Lublin<\/p>\n<p><strong>Numer konta<\/strong><\/p>\n<p>BZ WBK 4\/O Warszawa<br \/>\n48 1090 1056 0000 0001 1121 2203<\/p>\n<p><strong>REGON <\/strong><\/p>\n<p>001236905-00129<\/p>\n<p><strong>NIP PTI<\/strong><\/p>\n<p>522-000-20-38<\/p>\n<p><strong>Kontakt<\/strong><\/p>\n<p><em>adres:<\/em><\/p>\n<p>Polskie Towarzystwo Informatyczne, Oddzia\u0142 Lubelski<br \/>\nPolitechnika Lubelska, Instytut Informatyki<br \/>\nul. Nadbystrzycka 36a, 20-618 Lublin<\/p>\n<p><em>\u00a0e-maile cz\u0142onk\u00f3w Zarz\u0105du Oddzia\u0142u Lubelskiego:<\/em><\/p>\n<p><u><a href=\"mailto:m.milosz@pollub.pl\">m.milosz@pollub.pl<\/a><br \/>\n<a href=\"mailto:mhaleniuk@gmail.com\">mhaleniuk@gmail.com<br \/>\n<\/a><\/u><a href=\"mailto:w.kulik@pollub.pl\">w.kulik@pollub.pl<\/a><br \/>\n<a href=\"mailto:e.milosz@pollub.pl\">e.milosz@pollub.pl<\/a><\/p>\n<p><em>strona WWW Oddzia\u0142u Lubelskiego PTI:<\/em><\/p>\n<p><a href=\"http:\/\/pti.cs.pollub.pl\"><u>http:\/\/pti.cs.pollub.pl<\/u><\/a><\/p>\n<p><strong>Inicjatywy<\/strong><\/p>\n<p>Obszary dzia\u0142alno\u015bci cz\u0142onk\u00f3w Oddzia\u0142u Lubelskiego PTI:<\/p>\n<ul>\n<li>wsp\u00f3\u0142organizacja Warsztat\u00f3w Mikrokomputerowych Politechniki Lubelskiej im. dr Jana Smo\u0142ki<\/li>\n<li>patronat Warsztat\u00f3w Doktoranckich Wydzia\u0142u Elektrotechniki i Informatyki PL<\/li>\n<li>patronat Sympozjum Naukowego Elektryk\u00f3w i\u00a0Informatyk\u00f3w<\/li>\n<li>rozw\u00f3j dzia\u0142alno\u015bci certyfikacyjnej ECDL w regionie<\/li>\n<li>patronat nad Regionalnym Konkursem Informatycznym &#8222;Dzie\u0144 Bezpiecznego Komputera&#8221; w Lublinie<\/li>\n<li>patronat nad Wojew\u00f3dzkim Konkursem Informatycznym &#8222;Mistrz komputera&#8221; w Lublinie<\/li>\n<li>patronat nad Mi\u0119dzyszkolnym Konkursem Zawodowym &#8222;Rok przed dyplomem&#8221; w Lublinie<\/li>\n<li>patronat nad Gminnym Konkursem Informatycznym w Annopolu<\/li>\n<li>obj\u0119cie patronatem Dru\u017cyny 5883 z Kra\u015bnika bior\u0105cej udzia\u0142 w mi\u0119dzynarodowych zawodach FIRST Robotics Competition w Kanadzie<\/li>\n<li>wsp\u00f3\u0142organizacja seminarium &#8222;Technologie 3D w muzealnictwie&#8221; organizowanego wraz z Instytutem Informatyki Politechniki Lubelskiej i Muzeum Zamoyskich w Koz\u0142\u00f3wce<\/li>\n<\/ul>\n<p>&nbsp;<\/p>\n<p>Masz pomys\u0142 na ciekaw\u0105 inicjatyw\u0119\/dzia\u0142anie dla cz\u0142onk\u00f3w Oddzia\u0142u Lubelskiego i \u015brodowiska lokalnego napisz do cz\u0142onk\u00f3w Zarz\u0105du Oddzia\u0142u Lubelskiego<\/p>\n","protected":false},"excerpt":{"rendered":"<p>Informacje o Oddziale Lubelskim PTI: Zarz\u0105d: Marek Mi\u0142osz &#8211; Prezes Mariusz Haleniuk \u2013 V-ce Prezes, Skarbnik El\u017cbieta Mi\u0142osz &#8211; cz\u0142onek Wojciech Kulik \u2013 cz\u0142onek Komisja Rewizyjna Mariusz Dzie\u0144kowski \u2013 przewodnicz\u0105cy Renata Skrzypa \u2013 zast\u0119pca przewodnicz\u0105cego Robert Nowomiejski \u2013 sekretarz S\u0105d Kole\u017ce\u0144ski Piotr Zi\u0144 \u2013 przewodnicz\u0105cy Ma\u0142gorzata Charytanowicz \u2013 zast\u0119pca przewodnicz\u0105cego Marta Juszczyk \u2013 cz\u0142onek Siedziba &hellip; <a href=\"https:\/\/pti.cs.pollub.pl\/index.php\/o-oddziale\/\" class=\"more-link\">Czytaj dalej <span class=\"screen-reader-text\">O Oddziale<\/span><\/a><\/p>\n","protected":false},"author":1,"featured_media":0,"parent":0,"menu_order":0,"comment_status":"closed","ping_status":"closed","template":"","meta":[],"_links":{"self":[{"href":"https:\/\/pti.cs.pollub.pl\/index.php\/wp-json\/wp\/v2\/pages\/13"}],"collection":[{"href":"https:\/\/pti.cs.pollub.pl\/index.php\/wp-json\/wp\/v2\/pages"}],"about":[{"href":"https:\/\/pti.cs.pollub.pl\/index.php\/wp-json\/wp\/v2\/types\/page"}],"author":[{"embeddable":true,"href":"https:\/\/pti.cs.pollub.pl\/index.php\/wp-json\/wp\/v2\/users\/1"}],"replies":[{"embeddable":true,"href":"https:\/\/pti.cs.pollub.pl\/index.php\/wp-json\/wp\/v2\/comments?post=13"}],"version-history":[{"count":13,"href":"https:\/\/pti.cs.pollub.pl\/index.php\/wp-json\/wp\/v2\/pages\/13\/revisions"}],"predecessor-version":[{"id":530,"href":"https:\/\/pti.cs.pollub.pl\/index.php\/wp-json\/wp\/v2\/pages\/13\/revisions\/530"}],"wp:attachment":[{"href":"https:\/\/pti.cs.pollub.pl\/index.php\/wp-json\/wp\/v2\/media?parent=13"}],"curies":[{"name":"wp","href":"https:\/\/api.w.org\/{rel}","templated":true}]}}