{"id":17,"date":"2016-11-09T16:29:08","date_gmt":"2016-11-09T15:29:08","guid":{"rendered":"http:\/\/pti.cs.pollub.pl\/wordpress\/?page_id=17"},"modified":"2020-05-22T20:34:08","modified_gmt":"2020-05-22T18:34:08","slug":"dla-czlonkow","status":"publish","type":"page","link":"https:\/\/pti.cs.pollub.pl\/index.php\/dla-czlonkow\/","title":{"rendered":"Dla cz\u0142onk\u00f3w"},"content":{"rendered":"<p><strong>Lista cz\u0142onk\u00f3w Oddzia\u0142u Lubelskiego PTI<\/strong><\/p>\n<p><strong>Sk\u0142adki cz\u0142onkowskie<\/strong><\/p>\n<p><strong>Uchwa\u0142y Zarz\u0105du Oddzia\u0142u Lubelskiego PTI<\/strong><\/p>\n<p><strong>Wa\u017cne dokumenty PTI<\/strong><\/p>\n<p><strong><a href=\"http:\/\/pti.org.pl\">Strona g\u0142\u00f3wna PTI<\/a><\/strong><\/p>\n<hr \/>\n<p><strong>Lista cz\u0142onk\u00f3w Oddzia\u0142u Lubelskiego PTI<\/strong><\/p>\n<ol>\n<li>Czerwi\u0144ski Dariusz<\/li>\n<li>Charytanowicz Ma\u0142gorzata<\/li>\n<li>\u0106wieka Dariusz Piotr<\/li>\n<li>Dzie\u0144kowski Mariusz<\/li>\n<li>G\u0142uchowski Dariusz<\/li>\n<li>Go\u0142\u0119biowski Maciej<\/li>\n<li>Haleniuk Mariusz<\/li>\n<li>Ho\u0142o\u0144 Bo\u017cenna Maria<\/li>\n<li>Jurzysta Marcin<\/li>\n<li>Juszczyk Marta<\/li>\n<li>Kaczmarek Jacek Pawe\u0142<\/li>\n<li>Kartaszy\u0144ski Rafa\u0142 Henryk<\/li>\n<li>Kondratowicz-Kucewicz Wojciech<\/li>\n<li>Kozie\u0142 Grzegorz<\/li>\n<li>Kozik Grzegorz<\/li>\n<li>Kulik Wojciech<\/li>\n<li>Kurek Pawe\u0142 Tomasz<\/li>\n<li>Laskowski Maciej<\/li>\n<li>\u0141ukasik Edyta<\/li>\n<li>Ma\u015blankiewicz Cezary<\/li>\n<li>Micha\u0142owski Grzegorz Jan<\/li>\n<li>Mi\u0142osz El\u017cbieta<\/li>\n<li>Mi\u0142osz Marek<\/li>\n<li>Nowomiejski Jan<\/li>\n<li>Nowomiejski Robert<\/li>\n<li>Roman Micha\u0142 Adam<\/li>\n<li>Skrzypa Renata<\/li>\n<li>Skublewska-Paszkowska Maria Anna<\/li>\n<li>Smolira Marcin<\/li>\n<li>Szl\u0119zak Robert Edward<\/li>\n<li>Szyborski Tomasz<\/li>\n<li>Szymczyk Tomasz<\/li>\n<li>Tarasi\u0144ski Janusz Grzegorz<\/li>\n<li>Wery\u0144ska R\u00f3\u017ca Barbara<\/li>\n<li>Wilko\u0142azki Marcin<\/li>\n<li>Wit Bogdan<\/li>\n<li>Wnuk Waldemar<\/li>\n<li>W\u00f3jcik Waldemar<\/li>\n<li>Zi\u0144 Piotr<\/li>\n<li>Komsta \u0141ukasz<\/li>\n<li>Misztal Marek<\/li>\n<li>Gryniewicz-Jaworska Michalina<\/li>\n<\/ol>\n<hr \/>\n<p><strong>Sk\u0142adki cz\u0142onkowskie<\/strong><\/p>\n<p><em>Sk\u0142adki cz\u0142onkowskie na rok 2020<\/em><\/p>\n<p>Sk\u0142adka dla cz\u0142onk\u00f3w zwyczajnych na rok 2020 wynosi 80 z\u0142otych. Termin zap\u0142aty sk\u0142adki up\u0142ywa 31 marca 2019. Sk\u0142adka dla student\u00f3w I, II i III stopnia oraz emeryt\u00f3w i rencist\u00f3w wynosi 20 z\u0142otych.<\/p>\n<p>Wysoko\u015b\u0107 wpisowego to 20 z\u0142 dla wszystkich. Osoby przyj\u0119te do PTI po 31 marca 2020 r., powinny op\u0142aci\u0107 sk\u0142adki cz\u0142onkowskie do ko\u0144ca tego roku.<\/p>\n<p>Sk\u0142adki nale\u017cy wp\u0142aca\u0107 na konto Oddzia\u0142u Lubelskiego PTI:<\/p>\n<p><strong>Oddzia\u0142 Lubelski<\/strong><br \/>\nul. Nadbystrzycka 36a<br \/>\n20-618 Lublin<br \/>\nSantander Bank Polska S.A.:\u00a0<strong>48 1090 1056 0000 0001 1121 2203<\/strong><strong>\u00a0<\/strong><br \/>\n<a href=\"http:\/\/pti.org.pl\/media\/pliki-dokumentow\/skladki-lubelski-pdf\">druk przelewu w formacie .pdf<\/a><\/p>\n<p>Na formularzu przelewu w pozycji &#8222;Tytu\u0142 wp\u0142aty&#8221; prosimy poda\u0107 imi\u0119 nazwisko oraz rok, za kt\u00f3ry op\u0142acana jest sk\u0142adka.<\/p>\n<p>Stan wp\u0142at sk\u0142adek mo\u017cna sprawdzi\u0107 u skarbnika Oddzia\u0142u Lubelskiego PTI kol. Mariusza Haleniuka <em>mhaleniuk@gmail.com<\/em><\/p>\n<hr \/>\n<p><strong>Uchwa\u0142y Zarz\u0105du Oddzia\u0142u Lubelskiego PTI<\/strong><\/p>\n<p><span style=\"text-decoration: underline;\">Nr 1-II-20 z dnia 21.05.2020\u00a0w sprawie Walnego Zgromadzenia Cz\u0142onk\u00f3w Oddzia\u0142u\u00a0<\/span><\/p>\n<p><em>Zarz\u0105d oddzia\u0142u dzia\u0142aj\u0105c na podstawie \u00a7 31 Statutu Polskiego Towarzystwa Informatycznego ust. 3 i \u00a7 32 ust. 1 i 2 oraz na podstawie Uchwa\u0142y Zarz\u0105du G\u0142\u00f3wnego PTI w sprawie Zjazdu Delegat\u00f3w PTI zwo\u0142uje na dzie\u0144 6.06.2020 r. Walne Zgromadzenie Cz\u0142onk\u00f3w Oddzia\u0142u w trybie zdalnym: <\/em><\/p>\n<ul>\n<li><em>pierwszy termin Walnego Zgromadzenia Cz\u0142onk\u00f3w Oddzia\u0142u ustala si\u0119 na 6.06.2020 r. godzina 10:00, <\/em><\/li>\n<li><em>drugi termin Walnego Zgromadzenia Cz\u0142onk\u00f3w Oddzia\u0142u ustala si\u0119 na 6.06.2020 r. godzina 10:15. <\/em><\/li>\n<\/ul>\n<p><em>Dok\u0142adny opis zasad uczestnictwa w Walnym Zgromadzeniu Cz\u0142onk\u00f3w Oddzia\u0142u zostanie podany w komunikacie rozes\u0142anym do cz\u0142onk\u00f3w oddzia\u0142u. <\/em><\/p>\n<p><em>Jednocze\u015bnie Zarz\u0105d Oddzia\u0142u: <\/em><\/p>\n<ol>\n<li><em>Przyjmuje proponowany plan Walnego Zgromadzenia Cz\u0142onk\u00f3w Oddzia\u0142u stanowi\u0105cy za\u0142\u0105cznik do uchwa\u0142y.<\/em><\/li>\n<li><em>Powo\u0142uje Zesp\u00f3\u0142 Organizacyjny odpowiedzialny za organizacj\u0119 Walnego Zgromadzenia Cz\u0142onk\u00f3w Oddzia\u0142u w sk\u0142adzie:<\/em>\n<ol>\n<li><em>\u00a0Edyta \u0141ukasik, <\/em><\/li>\n<li><em>\u00a0Wojciech Kulik, <\/em><\/li>\n<li><em>\u00a0Mariusz Haleniuk. <\/em><\/li>\n<\/ol>\n<\/li>\n<\/ol>\n<p><u>Nr 2-II-19 z dnia 2.12.2019 w sprawie\u00a0przyj\u0119cia nowych cz\u0142onk\u00f3w PTI<\/u><\/p>\n<p><em>Zarz\u0105d Oddzia\u0142u Lubelskiego PTI przyjmuje w poczet cz\u0142onk\u00f3w Towarzystwa Oddzia\u0142u Lubelskiego\u00a0pani\u0105 Michalin\u0119 Gryniewicz-Jaworsk\u0105.<\/em><\/p>\n<p><u>Nr 1-II-19 z dnia 3.06.2019 w sprawie\u00a0przyj\u0119cia nowych cz\u0142onk\u00f3w PTI<\/u><\/p>\n<p><em>Zarz\u0105d Oddzia\u0142u Lubelskiego PTI przyjmuje w poczet cz\u0142onk\u00f3w Towarzystwa Oddzia\u0142u Lubelskiego nast\u0119puj\u0105cych kandydat\u00f3w:<\/em><\/p>\n<ol>\n<li><em>\u0141ukasz Komsta<\/em><\/li>\n<li><em>Marek Misztal<\/em><\/li>\n<\/ol>\n<p><u>Nr 5-II-18 z dnia 3.12.2018 w sprawie\u00a0przyj\u0119cia nowych cz\u0142onk\u00f3w PTI<\/u><\/p>\n<p><em>Zarz\u0105d Oddzia\u0142u Lubelskiego PTI przyjmuje w poczet cz\u0142onk\u00f3w Towarzystwa Oddzia\u0142u Lubelskiego nast\u0119puj\u0105cych kandydatk\u0119\u00a0\u00a0Ma\u0142gorzat\u0119 Charytanowicz. Jednocze\u015bnie Zarz\u0105d zwalnia kandydatk\u0119 z op\u0142aty cz\u0142onkowskiej za rok 2018.<\/em><\/p>\n<p><u>Nr 4-II-18 z dnia 3.07.2018 w sprawie\u00a0przyj\u0119cia nowych cz\u0142onk\u00f3w PTI<\/u><\/p>\n<p><em>Zarz\u0105d Oddzia\u0142u Lubelskiego PTI przyjmuje w poczet cz\u0142onk\u00f3w Towarzystwa Oddzia\u0142u Lubelskiego nast\u0119puj\u0105cych kandydat\u00f3w:<\/em><\/p>\n<ol>\n<li><em>Dariusz Czerwi\u0144ski<\/em><\/li>\n<li><em>Marcin Wilko\u0142azki<\/em><\/li>\n<\/ol>\n<p><u>Nr 3-II-18 z dnia 16.01.2018 w sprawie wydania publikacji<\/u><\/p>\n<p><em>Zarz\u0105d Oddzia\u0142u Lubelskiego PTI podj\u0105\u0142 decyzj\u0119 o wydaniu publikacji Ma\u0142gorzaty Plechawskiej-W\u00f3jcik i Macieja Laskowskiego &#8222;Game on! Using gamification in didactics, science and environmental protection&#8221; w nak\u0142adzie 100 egzemplarzy.<\/em><\/p>\n<p><u>Nr 2-II-18 z dnia 16.01.2018 w sprawie\u00a0 wsp\u00f3\u0142organizacji XX Warsztat\u00f3w Doktoranckich Politechniki Lubelskiej<\/u><\/p>\n<p><em>Zarz\u0105d Oddzia\u0142u Lubelskiego PTI podj\u0105\u0142 decyzj\u0119 o wsp\u00f3\u0142organizacji XX Jubileuszowych Warsztat\u00f3w Doktoranckich Politechniki Lubelskiej i ich dofinansowaniu w wysoko\u015bci 1250 z\u0142.<\/em><\/p>\n<p><u>Nr 1-II-18 z dnia 16.01.2018 w sprawie\u00a0przyj\u0119cia nowych cz\u0142onk\u00f3w PTI<\/u><\/p>\n<p><em>Zarz\u0105d Oddzia\u0142u Lubelskiego PTI przyjmuje w poczet cz\u0142onk\u00f3w Towarzystwa Oddzia\u0142u Lubelskiego nast\u0119puj\u0105cych kandydat\u00f3w:<\/em><\/p>\n<ol>\n<li><em>Grzegorz Kozie\u0142<\/em><\/li>\n<li><em>Tomasz Szymczyk<\/em><\/li>\n<\/ol>\n<p><u>Nr 2-II-17 z dnia\u00a021.11.2017 w sprawie przyj\u0119cia nowych cz\u0142onk\u00f3w PTI<\/u><\/p>\n<p><em>Zarz\u0105d Oddzia\u0142u Lubelskiego PTI przyjmuje w poczet cz\u0142onk\u00f3w Towarzystwa Oddzia\u0142u Lubelskiego:<\/em><\/p>\n<ol>\n<li><em>Marta Juszczyk<\/em><\/li>\n<li><em>Wojciech Kondratowicz-Kucewicz<\/em><\/li>\n<li>Cezary Ma\u015blankiewicz.<\/li>\n<\/ol>\n<p><u>Nr 1-I-16 z dnia 18.05.2016 w sprawie przyj\u0119cia cz\u0142onk\u00f3w PTI<\/u><\/p>\n<p><em>Zarz\u0105d Oddzia\u0142u Lubelskiego PTI przyjmuje w poczet cz\u0142onk\u00f3w towarzystwa Oddzia\u0142u Lubelskiego:<\/em><\/p>\n<ol>\n<li><em>Pani\u0105 Edyt\u0119 \u0141ukasik<\/em><\/li>\n<li><em>Pani\u0105 Mari\u0119 Skublewsk\u0105-Paszkowsk\u0105<\/em><\/li>\n<\/ol>\n<p>&nbsp;<\/p>\n<hr \/>\n<p><strong>Wa\u017cne dokumenty PTI<\/strong><\/p>\n<ul>\n<li>Aktualny Statut Polskiego Towarzystwa Informatycznego\u00a0uchwalony przez\u00a0Nadzwyczajny Zjazd Delegat\u00f3w PTI\u00a0w Warszawie 21 marca 2015 r. i zarejestrowany przez Krajowy Rejestr S\u0105dowy oraz regulaminy: <a href=\"http:\/\/pti.org.pl\/Dla-czlonkow\/Statut-i-regulaminy\">http:\/\/pti.org.pl\/Dla-czlonkow\/Statut-i-regulaminy<\/a>.<\/li>\n<li>Kodeks zawodowy informatyk\u00f3w<em>: <\/em><a href=\"http:\/\/www.pti.org.pl\/index.php\/Dla-czlonkow\/Kodeks-Zawodowy-Informatykow-PTI\">http:\/\/www.pti.org.pl\/index.php\/Dla-czlonkow\/Kodeks-Zawodowy-Informatykow-PTI<\/a><\/li>\n<\/ul>\n<hr \/>\n<p>&nbsp;<\/p>\n","protected":false},"excerpt":{"rendered":"<p>Lista cz\u0142onk\u00f3w Oddzia\u0142u Lubelskiego PTI Sk\u0142adki cz\u0142onkowskie Uchwa\u0142y Zarz\u0105du Oddzia\u0142u Lubelskiego PTI Wa\u017cne dokumenty PTI Strona g\u0142\u00f3wna PTI Lista cz\u0142onk\u00f3w Oddzia\u0142u Lubelskiego PTI Czerwi\u0144ski Dariusz Charytanowicz Ma\u0142gorzata \u0106wieka Dariusz Piotr Dzie\u0144kowski Mariusz G\u0142uchowski Dariusz Go\u0142\u0119biowski Maciej Haleniuk Mariusz Ho\u0142o\u0144 Bo\u017cenna Maria Jurzysta Marcin Juszczyk Marta Kaczmarek Jacek Pawe\u0142 Kartaszy\u0144ski Rafa\u0142 Henryk Kondratowicz-Kucewicz Wojciech Kozie\u0142 Grzegorz &hellip; <a href=\"https:\/\/pti.cs.pollub.pl\/index.php\/dla-czlonkow\/\" class=\"more-link\">Czytaj dalej <span class=\"screen-reader-text\">Dla cz\u0142onk\u00f3w<\/span><\/a><\/p>\n","protected":false},"author":1,"featured_media":0,"parent":0,"menu_order":0,"comment_status":"closed","ping_status":"closed","template":"","meta":[],"_links":{"self":[{"href":"https:\/\/pti.cs.pollub.pl\/index.php\/wp-json\/wp\/v2\/pages\/17"}],"collection":[{"href":"https:\/\/pti.cs.pollub.pl\/index.php\/wp-json\/wp\/v2\/pages"}],"about":[{"href":"https:\/\/pti.cs.pollub.pl\/index.php\/wp-json\/wp\/v2\/types\/page"}],"author":[{"embeddable":true,"href":"https:\/\/pti.cs.pollub.pl\/index.php\/wp-json\/wp\/v2\/users\/1"}],"replies":[{"embeddable":true,"href":"https:\/\/pti.cs.pollub.pl\/index.php\/wp-json\/wp\/v2\/comments?post=17"}],"version-history":[{"count":17,"href":"https:\/\/pti.cs.pollub.pl\/index.php\/wp-json\/wp\/v2\/pages\/17\/revisions"}],"predecessor-version":[{"id":520,"href":"https:\/\/pti.cs.pollub.pl\/index.php\/wp-json\/wp\/v2\/pages\/17\/revisions\/520"}],"wp:attachment":[{"href":"https:\/\/pti.cs.pollub.pl\/index.php\/wp-json\/wp\/v2\/media?parent=17"}],"curies":[{"name":"wp","href":"https:\/\/api.w.org\/{rel}","templated":true}]}}