{"id":19,"date":"2016-11-09T16:29:29","date_gmt":"2016-11-09T15:29:29","guid":{"rendered":"http:\/\/pti.cs.pollub.pl\/wordpress\/?page_id=19"},"modified":"2018-06-19T20:16:17","modified_gmt":"2018-06-19T18:16:17","slug":"publikacje","status":"publish","type":"page","link":"https:\/\/pti.cs.pollub.pl\/index.php\/publikacje\/","title":{"rendered":"Publikacje"},"content":{"rendered":"<p><strong>Publikacje Ko\u0142a\/Oddzia\u0142u PTI w Lublinie<\/strong><\/p>\n<p style=\"text-align: center;\"><strong>2017<\/strong><\/p>\n<ol>\n<li><a href=\"http:\/\/pti.cs.pollub.pl\/wp-content\/uploads\/2018\/06\/VariaInform2017-1.pdf\"><span class=\"tytul\">Varia Informatica 2017<\/span><\/a>\u00a0\/\u00a0Mi\u0142osz Marek,\u00a0Tukeyev Ualsher[Red:]\u00a0Mi\u0142osz Marek,\u00a0Tukeyev Ualsher.- Lublin: Polish Information Processing Society, 2017, 306 s.<\/li>\n<\/ol>\n<p><a href=\"http:\/\/pti.cs.pollub.pl\/wp-content\/uploads\/2018\/06\/VariaInform2017.pdf\"><img decoding=\"async\" loading=\"lazy\" class=\"alignnone size-medium wp-image-191\" src=\"http:\/\/pti.cs.pollub.pl\/wp-content\/uploads\/2016\/11\/okladka-1-208x300.png\" alt=\"okladka\" width=\"208\" height=\"300\" srcset=\"https:\/\/pti.cs.pollub.pl\/wp-content\/uploads\/2016\/11\/okladka-1-208x300.png 208w, https:\/\/pti.cs.pollub.pl\/wp-content\/uploads\/2016\/11\/okladka-1-35x50.png 35w, https:\/\/pti.cs.pollub.pl\/wp-content\/uploads\/2016\/11\/okladka-1.png 298w\" sizes=\"(max-width: 208px) 100vw, 208px\" \/><\/a><!--more--><\/p>\n<p style=\"text-align: center;\"><strong>2016<\/strong><\/p>\n<ol>\n<li><a href=\"http:\/\/pti.cs.pollub.pl\/wp-content\/uploads\/2018\/06\/iOS-Application-2016.pdf\"><em>iOS Application Development<\/em><strong>.\u00a0<\/strong><\/a>Edyta \u0141ukasik, Maria Skublewska-Paszkowska: \u00a0PIPS \u2013 Polish Information Processing Society, Lublin, 2016, 179 p.<\/li>\n<\/ol>\n<p><a href=\"http:\/\/pti.cs.pollub.pl\/wp-content\/uploads\/2018\/06\/iOS-Application-2016.pdf\"><img decoding=\"async\" loading=\"lazy\" class=\"alignnone size-full wp-image-133\" src=\"http:\/\/pti.cs.pollub.pl\/wordpress\/wp-content\/uploads\/2016\/11\/2016Lukasik.png\" alt=\"2016lukasik\" width=\"183\" height=\"269\" srcset=\"https:\/\/pti.cs.pollub.pl\/wp-content\/uploads\/2016\/11\/2016Lukasik.png 183w, https:\/\/pti.cs.pollub.pl\/wp-content\/uploads\/2016\/11\/2016Lukasik-34x50.png 34w\" sizes=\"(max-width: 183px) 100vw, 183px\" \/><\/a><\/p>\n<p>&nbsp;<\/p>\n<p style=\"text-align: center;\"><strong>2013<\/strong><\/p>\n<ol>\n<li><a href=\"http:\/\/pti.cs.pollub.pl\/wp-content\/uploads\/2018\/06\/VariaInformatica2013.pdf\"><em>Varia Informatica 2013<\/em><\/a>. Ed: Marek Mi\u0142osz, PTI, 2013, 210 p.<\/li>\n<li><a href=\"http:\/\/pti.cs.pollub.pl\/wp-content\/uploads\/2018\/06\/Warsztaty2013.pdf\"><em>Elektroniczne us\u0142ugi w chmurze obliczeniowej \u2013 nowe problemy, nowe rozwi\u0105zania<\/em><\/a>. Red.: Juszczyk Marta, Wit Bogdan, PTI, 2013, 115 str.<\/li>\n<\/ol>\n<p>&nbsp;<\/p>\n<p><a href=\"http:\/\/pti.cs.pollub.pl\/wp-content\/uploads\/2018\/06\/VariaInformatica2013.pdf\"><img decoding=\"async\" loading=\"lazy\" class=\"alignnone size-full wp-image-134\" src=\"http:\/\/pti.cs.pollub.pl\/wordpress\/wp-content\/uploads\/2016\/11\/2013Varia.png\" alt=\"2013varia\" width=\"200\" height=\"290\" srcset=\"https:\/\/pti.cs.pollub.pl\/wp-content\/uploads\/2016\/11\/2013Varia.png 200w, https:\/\/pti.cs.pollub.pl\/wp-content\/uploads\/2016\/11\/2013Varia-34x50.png 34w\" sizes=\"(max-width: 200px) 100vw, 200px\" \/><\/a>\u00a0<a href=\"http:\/\/pti.cs.pollub.pl\/wp-content\/uploads\/2018\/06\/Warsztaty2013.pdf\">\u00a0<img decoding=\"async\" loading=\"lazy\" class=\"alignnone size-full wp-image-135\" src=\"http:\/\/pti.cs.pollub.pl\/wordpress\/wp-content\/uploads\/2016\/11\/2013Juszczyk.png\" alt=\"2013juszczyk\" width=\"229\" height=\"289\" srcset=\"https:\/\/pti.cs.pollub.pl\/wp-content\/uploads\/2016\/11\/2013Juszczyk.png 229w, https:\/\/pti.cs.pollub.pl\/wp-content\/uploads\/2016\/11\/2013Juszczyk-40x50.png 40w\" sizes=\"(max-width: 229px) 100vw, 229px\" \/><\/a><\/p>\n<p style=\"text-align: center;\"><strong>2012<\/strong><\/p>\n<ol>\n<li><em><a href=\"http:\/\/pti.cs.pollub.pl\/wp-content\/uploads\/2018\/06\/Kai2012.pdf\">Kompetentny absolwent informatyki<\/a>. 2012<\/em>. Red: Marek Mi\u0142osz, Waldemar W\u00f3jcik. Polskie<\/li>\n<\/ol>\n<p>Towarzystwo Informatyczne, Lublin, 2012, 178 str.<\/p>\n<ol start=\"2\">\n<li><em><a href=\"http:\/\/pti.cs.pollub.pl\/wp-content\/uploads\/2018\/06\/InformatykaNaukaPraktyka2012.pdf\">Informatyka \u2013 nauka i praktyka. 2012<\/a>. <\/em>Red: Marek Mi\u0142osz, Maria Skublewska-Paszkowska.<\/li>\n<\/ol>\n<p>Polskie Towarzystwo Informatyczne, Lublin, 2012, 216 str.<\/p>\n<ol start=\"3\">\n<li><em>Technologie mobilne, przetwarzanie w chmurze \u2013 nowe narz\u0119dzia, nowe mo\u017cliwo\u015bci<\/em>. Red.:<\/li>\n<\/ol>\n<p>Bogdan Wit, Marta Juszczyk. Polskie Towarzystwo Informatyczne, Lublin, 2012, 169 str.<\/p>\n<p><strong><a href=\"http:\/\/pti.cs.pollub.pl\/wp-content\/uploads\/2018\/06\/Kai2012.pdf\"> <img decoding=\"async\" loading=\"lazy\" class=\"alignnone size-full wp-image-138\" src=\"http:\/\/pti.cs.pollub.pl\/wordpress\/wp-content\/uploads\/2016\/11\/2012Absolwent-1.png\" alt=\"2012absolwent\" width=\"182\" height=\"283\" srcset=\"https:\/\/pti.cs.pollub.pl\/wp-content\/uploads\/2016\/11\/2012Absolwent-1.png 182w, https:\/\/pti.cs.pollub.pl\/wp-content\/uploads\/2016\/11\/2012Absolwent-1-32x50.png 32w\" sizes=\"(max-width: 182px) 100vw, 182px\" \/>\u00a0<\/a><a href=\"http:\/\/pti.cs.pollub.pl\/wp-content\/uploads\/2018\/06\/Kai2012.pdf\">\u00a0<img decoding=\"async\" loading=\"lazy\" class=\"alignnone size-full wp-image-137\" src=\"http:\/\/pti.cs.pollub.pl\/wordpress\/wp-content\/uploads\/2016\/11\/2012Nauka.png\" alt=\"2012nauka\" width=\"192\" height=\"283\" srcset=\"https:\/\/pti.cs.pollub.pl\/wp-content\/uploads\/2016\/11\/2012Nauka.png 192w, https:\/\/pti.cs.pollub.pl\/wp-content\/uploads\/2016\/11\/2012Nauka-34x50.png 34w\" sizes=\"(max-width: 192px) 100vw, 192px\" \/><\/a>\u00a0<img decoding=\"async\" loading=\"lazy\" class=\"alignnone size-full wp-image-146\" src=\"http:\/\/pti.cs.pollub.pl\/wordpress\/wp-content\/uploads\/2016\/11\/2012Chmura.png\" alt=\"2012chmura\" width=\"215\" height=\"282\" srcset=\"https:\/\/pti.cs.pollub.pl\/wp-content\/uploads\/2016\/11\/2012Chmura.png 215w, https:\/\/pti.cs.pollub.pl\/wp-content\/uploads\/2016\/11\/2012Chmura-38x50.png 38w\" sizes=\"(max-width: 215px) 100vw, 215px\" \/><\/strong><\/p>\n<p style=\"text-align: center;\"><strong>2011<\/strong><\/p>\n<ol>\n<li><em><a href=\"http:\/\/pti.cs.pollub.pl\/wp-content\/uploads\/2018\/06\/Kai2011.pdf\">Kompetentny absolwent informatyki.<\/a> 2011.<\/em> Redakcja: Marek Mi\u0142osz, Waldemar W\u00f3jcik. Polskie Towarzystwo Informatyczne, Lublin, 2011, 142 str. (ISBN 978-83-931710-5-7)<\/li>\n<li><a href=\"http:\/\/pti.cs.pollub.pl\/wp-content\/uploads\/2018\/06\/VariaInformatica2011.pdf\"><em>Varia Informatica 2011<\/em><\/a>. Ed.: Marek Mi\u0142osz, PIPS Polish Information Processing Society, Lublin, 2011, 269 p. (ISBN 978-83-931710-6-4)<\/li>\n<li><em>Zarz\u0105dzanie w gospodarce elektronicznej. Strategie gospodarki elektronicznej.<\/em>: Jan Smo\u0142ka, El\u017cbieta Mi\u0142osz. Polskie Towarzystwo Informatyczne, Lublin 2011, 106 str. (ISBN 978-83-931710-3-3)<\/li>\n<li><em>Zarz\u0105dzanie w gospodarce elektronicznej. Zarz\u0105dzanie infrastruktur\u0105 informatyczn\u0105.<\/em>: Jan Smo\u0142ka, El\u017cbieta Mi\u0142osz. Polskie Towarzystwo Informatyczne, Lublin 2011, 90 str. (ISBN 978-83-931710-4-0)<\/li>\n<\/ol>\n<p>&nbsp;<\/p>\n<p><a href=\"http:\/\/pti.cs.pollub.pl\/wp-content\/uploads\/2018\/06\/Kai2011.pdf\">\u00a0<img decoding=\"async\" loading=\"lazy\" class=\"alignnone size-full wp-image-140\" src=\"http:\/\/pti.cs.pollub.pl\/wordpress\/wp-content\/uploads\/2016\/11\/2011Absolwent.png\" alt=\"2011absolwent\" width=\"144\" height=\"239\" srcset=\"https:\/\/pti.cs.pollub.pl\/wp-content\/uploads\/2016\/11\/2011Absolwent.png 144w, https:\/\/pti.cs.pollub.pl\/wp-content\/uploads\/2016\/11\/2011Absolwent-30x50.png 30w\" sizes=\"(max-width: 144px) 100vw, 144px\" \/><\/a>\u00a0<a href=\"http:\/\/pti.cs.pollub.pl\/wp-content\/uploads\/2018\/06\/VariaInformatica2011.pdf\">\u00a0<img decoding=\"async\" loading=\"lazy\" class=\"alignnone size-full wp-image-141\" src=\"http:\/\/pti.cs.pollub.pl\/wordpress\/wp-content\/uploads\/2016\/11\/2011Varia.png\" alt=\"2011varia\" width=\"147\" height=\"239\" srcset=\"https:\/\/pti.cs.pollub.pl\/wp-content\/uploads\/2016\/11\/2011Varia.png 147w, https:\/\/pti.cs.pollub.pl\/wp-content\/uploads\/2016\/11\/2011Varia-31x50.png 31w\" sizes=\"(max-width: 147px) 100vw, 147px\" \/><\/a>\u00a0 \u00a0<img decoding=\"async\" loading=\"lazy\" class=\"alignnone size-full wp-image-142\" src=\"http:\/\/pti.cs.pollub.pl\/wordpress\/wp-content\/uploads\/2016\/11\/2011Zarzadzanie1.png\" alt=\"2011zarzadzanie1\" width=\"155\" height=\"240\" srcset=\"https:\/\/pti.cs.pollub.pl\/wp-content\/uploads\/2016\/11\/2011Zarzadzanie1.png 155w, https:\/\/pti.cs.pollub.pl\/wp-content\/uploads\/2016\/11\/2011Zarzadzanie1-32x50.png 32w\" sizes=\"(max-width: 155px) 100vw, 155px\" \/>\u00a0<img decoding=\"async\" loading=\"lazy\" class=\"alignnone size-full wp-image-143\" src=\"http:\/\/pti.cs.pollub.pl\/wp-content\/uploads\/2016\/11\/2011Zarzadzanie2.png\" alt=\"2011zarzadzanie2\" width=\"147\" height=\"239\" srcset=\"https:\/\/pti.cs.pollub.pl\/wp-content\/uploads\/2016\/11\/2011Zarzadzanie2.png 147w, https:\/\/pti.cs.pollub.pl\/wp-content\/uploads\/2016\/11\/2011Zarzadzanie2-31x50.png 31w\" sizes=\"(max-width: 147px) 100vw, 147px\" \/><\/p>\n<p><strong>\u00a0<\/strong><\/p>\n<p style=\"text-align: center;\"><strong>2010<\/strong><\/p>\n<ol>\n<li><em><a href=\"http:\/\/pti.cs.pollub.pl\/wp-content\/uploads\/2018\/06\/Ict2010.pdf\">ICT &#8211; from theory to practice<\/a>. <\/em>: Marek Mi\u0142osz, , Lublin, Polish Information Processing Society, 2010, 234 p.<\/li>\n<li><a href=\"http:\/\/pti.cs.pollub.pl\/wp-content\/uploads\/2018\/06\/AdvancedOO2010.pdf\"><em>Advanced Object-Oriented Technology. <\/em>Eds<\/a>: El\u017cbieta Mi\u0142osz, Marek Mi\u0142osz, , Lublin, Polish Information Processing Society, 2010, 127 p.<\/li>\n<li><a href=\"http:\/\/pti.cs.pollub.pl\/wp-content\/uploads\/2018\/06\/TechnikiInformatyczne2010.pdf\"><em>Techniki informatyczne w praktyce. <\/em><\/a>: Marek Mi\u0142osz, Lublin, Polskie Towarzystwo Informatyczne, 2010, 220 str.<\/li>\n<\/ol>\n<p>&nbsp;<\/p>\n<p style=\"text-align: center;\"><strong>2009<\/strong><\/p>\n<ol>\n<li><a href=\"http:\/\/pti.cs.pollub.pl\/wp-content\/uploads\/2018\/06\/VariaInformatica2009.pdf\"><em>Varia Informatica 2009. <\/em>Eds<\/a>: Marek Mi\u0142osz, Piotr Muryjas, Lublin, Polish Information Processing Society, 2009, 236 p.<\/li>\n<\/ol>\n<p style=\"text-align: center;\"><strong>2008<\/strong><\/p>\n<ol>\n<li><em><a href=\"http:\/\/pti.cs.pollub.pl\/wp-content\/uploads\/2018\/06\/Aplikacje-internetowe-2008.pdf\">Aplikacje internetowe &#8211; od teorii do praktyki<\/a>. <\/em>: Marek Mi\u0142osz, Warszawa, Polskie Towarzystwo Informatyczne, 2008, 172 str.<\/li>\n<li><em><a href=\"http:\/\/pti.cs.pollub.pl\/wp-content\/uploads\/2018\/06\/Technologie-internetowe2008.pdf\">Technologie internetowe &#8211; od teorii do praktyki<\/a>. <\/em>: Marek Mi\u0142osz, Warszawa, Polskie Towarzystwo Informatyczne, 2008, 153 str.<\/li>\n<li><em>Varia Informatica 2008. <\/em>Eds: Marek Mi\u0142osz, Piotr Muryjas, Katowice, Polskie Towarzystwo Informatyczne, 2008, 221 p.<\/li>\n<\/ol>\n<p style=\"text-align: center;\"><strong>2007<\/strong><\/p>\n<ol>\n<li><em>Informatyka stosowana. Implementacja. <\/em>: Marek Mi\u0142osz, Piotr Muryjas, Katowice, Polskie Towarzystwo Informatyczne, 2007, 136 str.<\/li>\n<li><em>Informatyka stosowana. Eksploatacja. <\/em>: Marek Mi\u0142osz, Piotr Muryjas, Katowice, Polskie Towarzystwo Informatyczne, 2007, 126 str.<\/li>\n<li><em>Informatyka stosowana. Planowanie. <\/em>: Stanis\u0142aw Grzeg\u00f3rski, Marek Mi\u0142osz, Piotr Muryjas, Katowice, Polskie Towarzystwo Informatyczne, 2007, 101 str.<\/li>\n<li><em>Systemy mobilne &#8211; od teorii do praktyki. <\/em>: Marek Mi\u0142osz, Warszawa, Polskie Towarzystwo Informatyczne, 2007, 247 str.<\/li>\n<\/ol>\n<p style=\"text-align: center;\"><strong>2006<\/strong><\/p>\n<ol>\n<li><em>Varia informatica : technologie i bezpiecze\u0144stwo. <\/em>: Marek Mi\u0142osz, Piotr Muryjas, Lublin, Polskie Towarzystwo Informatyczne, 2006, 246 str.<\/li>\n<li><em>Varia informatica : algorytmy i programy. <\/em>: Stanis\u0142aw Grzeg\u00f3rski, Marek Mi\u0142osz, Piotr Muryjas, Lublin, Polskie Towarzystwo Informatyczne, 2006, 207 str.<\/li>\n<\/ol>\n<p style=\"text-align: center;\"><strong>2005<\/strong><\/p>\n<ol>\n<li><em>Varia informatica : obliczenia i technologie. <\/em>: Stanis\u0142aw Grzeg\u00f3rski, Marek Mi\u0142osz, Piotr Muryjas, Lublin, Polskie Towarzystwo Informatyczne, 2005, 252 str.<\/li>\n<li><em>Varia informatica : teoria i praktyka. <\/em>: Marek Mi\u0142osz, Piotr Muryjas, Lublin, Polskie Towarzystwo Informatyczne, 2005, 122 str.<\/li>\n<\/ol>\n<p style=\"text-align: center;\"><strong>2004<\/strong><\/p>\n<ol>\n<li><em>Eksploatacja system\u00f3w informatycznych &#8211; od teorii do praktyki. <\/em>: Marek Mi\u0142osz, Warszawa, Wydawnictwo MIKOM, 2004, 281 str.<\/li>\n<li><em>Wsp\u00f3\u0142czesne technologie informatyczne &#8211; obiektowo\u015b\u0107 w informatyce. <\/em>: Marek Mi\u0142osz, Piotr Muryjas, Warszawa, Wydawnictwo MIKOM, 2004, 126 str.<\/li>\n<li><em>Systemy i sieci komputerowe. <\/em>: Marek Mi\u0142osz, Piotr Muryjas, Lublin, Polskie Towarzystwo Informatyczne, 2004, 165 str.<\/li>\n<li><em>Algorytmy, metody i programy naukowe, <\/em>: Stanis\u0142aw Grzeg\u00f3rski, Marek Mi\u0142osz, Piotr Muryjas, Lublin, Polskie Towarzystwo Informatyczne, 2004, 247 str.<\/li>\n<\/ol>\n<p style=\"text-align: center;\"><strong>2003<\/strong><\/p>\n<ol>\n<li><em>Varia Informatica. <\/em>Red: Marek Mi\u0142osz, Piotr Muryjas, Lublin, Polskie Towarzystwo Informatyczne, 2003, 203 str.<\/li>\n<li><em>Wsp\u00f3\u0142czesne technologie informatyczne- in\u017cynieria oprogramowania, przetwarzanie danych, sieci rozleg\u0142e. <\/em>: Marek Mi\u0142osz, Piotr Muryjas, Warszawa, Wydawnictwo MIKOM, 2003, 217 str.<\/li>\n<li><em>Obliczenia naukowe : Wybrane problemy. <\/em>: Stanis\u0142aw Grzeg\u00f3rski, Marek Mi\u0142osz, Piotr Muryjas, Lublin, Polskie Towarzystwo Informatyczne, 2003, 164 str.<\/li>\n<li><em>Przedsi\u0119wzi\u0119cia wdro\u017ceniowe &#8211; od teorii do praktyki. <\/em>: Marek Mi\u0142osz, Warszawa, Wydawnictwo MIKOM, 2003, 246 str.<\/li>\n<\/ol>\n<p style=\"text-align: center;\"><strong>2002<\/strong><\/p>\n<ol>\n<li><em>Wdra\u017canie i eksploatacja system\u00f3w informatycznych. Wybrane problemy. <\/em>: Marek Mi\u0142osz, Lublin, Lubelskie Centrum Marketingu sp. z. o. o., Polskie Towarzystwo Informatyczne, 2002, 218 str.<\/li>\n<\/ol>\n<p style=\"text-align: center;\"><strong>2001<\/strong><\/p>\n<ol>\n<li>Marek Mi\u0142osz; Zdzis\u0142aw Szyjewski:<em>Harmonogramowanie przedsi\u0119wzi\u0119\u0107 Microsoft Project 2000, <\/em>Warszawa, Polskie Towarzystwo Informatyczne, 2001, 97 str.<\/li>\n<li>Informatyka Stosowana: Nr S1\/01 : IV Konferencja : Informatyk Zak\u0142adowy : Gospodarka elektroniczna, biznes, technologia, ekonomia, prawo, Kazimierz Dolny, Lublin, Katedra Informatyki Politechniki Lubelskiej, 2001.<\/li>\n<li>Informatyka Stosowana: Nr S2\/01 : LAFI 2001 : V Lubelskie Akademickie Forum Informatyczne, 17-18.05.2001, Kazimierz Dolny, Lublin, PTI, Katedra Informatyki Politechnika Lubelska, 2001<\/li>\n<li>Informatyka Stosowana: Nr S4\/01 : X Warsztaty Mikrokomputerowe Politechniki Lubelskiej, 14-17.05.2001, Kazimierz Dolny, Lublin, PTI, Katedra Informatyki Politechnika Lubelska, 2001.<\/li>\n<\/ol>\n","protected":false},"excerpt":{"rendered":"<p>Publikacje Ko\u0142a\/Oddzia\u0142u PTI w Lublinie 2017 Varia Informatica 2017\u00a0\/\u00a0Mi\u0142osz Marek,\u00a0Tukeyev Ualsher[Red:]\u00a0Mi\u0142osz Marek,\u00a0Tukeyev Ualsher.- Lublin: Polish Information Processing Society, 2017, 306 s.<\/p>\n","protected":false},"author":1,"featured_media":0,"parent":0,"menu_order":0,"comment_status":"closed","ping_status":"closed","template":"","meta":[],"_links":{"self":[{"href":"https:\/\/pti.cs.pollub.pl\/index.php\/wp-json\/wp\/v2\/pages\/19"}],"collection":[{"href":"https:\/\/pti.cs.pollub.pl\/index.php\/wp-json\/wp\/v2\/pages"}],"about":[{"href":"https:\/\/pti.cs.pollub.pl\/index.php\/wp-json\/wp\/v2\/types\/page"}],"author":[{"embeddable":true,"href":"https:\/\/pti.cs.pollub.pl\/index.php\/wp-json\/wp\/v2\/users\/1"}],"replies":[{"embeddable":true,"href":"https:\/\/pti.cs.pollub.pl\/index.php\/wp-json\/wp\/v2\/comments?post=19"}],"version-history":[{"count":16,"href":"https:\/\/pti.cs.pollub.pl\/index.php\/wp-json\/wp\/v2\/pages\/19\/revisions"}],"predecessor-version":[{"id":430,"href":"https:\/\/pti.cs.pollub.pl\/index.php\/wp-json\/wp\/v2\/pages\/19\/revisions\/430"}],"wp:attachment":[{"href":"https:\/\/pti.cs.pollub.pl\/index.php\/wp-json\/wp\/v2\/media?parent=19"}],"curies":[{"name":"wp","href":"https:\/\/api.w.org\/{rel}","templated":true}]}}